{"id":587,"date":"2011-09-21T12:51:58","date_gmt":"2011-09-21T12:51:58","guid":{"rendered":"http:\/\/quantumcinema.uni-ak.ac.at\/site\/"},"modified":"2018-10-29T07:36:14","modified_gmt":"2018-10-29T07:36:14","slug":"2010-2","status":"publish","type":"page","link":"https:\/\/quantumcinema.uni-ak.ac.at\/?page_id=587","title":{"rendered":"2010, in the media"},"content":{"rendered":"<p><a name=\"oe1_04052010\"><\/a><\/p>\n<h3>\u00d61: \u201cDimensionen \u2013 Die Welt der Wissenschaft\u201d &#8211; 4. 5. 2010<\/h3>\n<p>H\u00f6ren Sie einen Auszug aus der \u00d61 Sendung &#8222;Dimensionen &#8211; Die Welt der Wissenschaft&#8220; zum Thema &#8222;Forschende K\u00fcnstler. Die neuen Wege der Art-based Research (Teil 1)&#8220; von Ulrike Schmitzer vom Dienstag,  04. Mai 2010 um 19:06 Uhr in oe1.ORF.at.<\/p>\n<p>[wpaudio url=&#8220;http:\/\/194.232.200.191\/oe1\/clips\/000024EE.MP3&#8243; text=&#8220; \u00d61 Dimensionen &#8211; Die Welt der Wissenschaft. Dienstag 4. Mai 2010&#8243; dl=0]<\/p>\n<p><a name=\"standard_24032010\"><\/a><\/p>\n<h3>DER STANDARD \u2013 24. 3. 2010<\/h3>\n<p>[pdf-ppt-viewer href=&#8220;https:\/\/testquantumcinema.uni-ak.ac.at\/wp-content\/uploads\/2010\/07\/An_den_Grenzen_der_standard_24032010.pdf&#8220; width=&#8220;560&#8243; height=&#8220;600&#8243;] <\/p>\n","protected":false},"excerpt":{"rendered":"<p>\u00d61: \u201cDimensionen \u2013 Die Welt der Wissenschaft\u201d &#8211; 4. 5. 2010 H\u00f6ren Sie einen Auszug aus der \u00d61 Sendung &#8222;Dimensionen&hellip; <a class=\"read-more\" href=\"https:\/\/quantumcinema.uni-ak.ac.at\/?page_id=587\">Weiterlesen<\/a><\/p>\n","protected":false},"author":1,"featured_media":0,"parent":127,"menu_order":3,"comment_status":"closed","ping_status":"closed","template":"","meta":{"footnotes":""},"class_list":["post-587","page","type-page","status-publish","hentry"],"_links":{"self":[{"href":"https:\/\/quantumcinema.uni-ak.ac.at\/index.php?rest_route=\/wp\/v2\/pages\/587","targetHints":{"allow":["GET"]}}],"collection":[{"href":"https:\/\/quantumcinema.uni-ak.ac.at\/index.php?rest_route=\/wp\/v2\/pages"}],"about":[{"href":"https:\/\/quantumcinema.uni-ak.ac.at\/index.php?rest_route=\/wp\/v2\/types\/page"}],"author":[{"embeddable":true,"href":"https:\/\/quantumcinema.uni-ak.ac.at\/index.php?rest_route=\/wp\/v2\/users\/1"}],"replies":[{"embeddable":true,"href":"https:\/\/quantumcinema.uni-ak.ac.at\/index.php?rest_route=%2Fwp%2Fv2%2Fcomments&post=587"}],"version-history":[{"count":1,"href":"https:\/\/quantumcinema.uni-ak.ac.at\/index.php?rest_route=\/wp\/v2\/pages\/587\/revisions"}],"predecessor-version":[{"id":1354,"href":"https:\/\/quantumcinema.uni-ak.ac.at\/index.php?rest_route=\/wp\/v2\/pages\/587\/revisions\/1354"}],"up":[{"embeddable":true,"href":"https:\/\/quantumcinema.uni-ak.ac.at\/index.php?rest_route=\/wp\/v2\/pages\/127"}],"wp:attachment":[{"href":"https:\/\/quantumcinema.uni-ak.ac.at\/index.php?rest_route=%2Fwp%2Fv2%2Fmedia&parent=587"}],"curies":[{"name":"wp","href":"https:\/\/api.w.org\/{rel}","templated":true}]}}