{"id":845,"date":"2012-09-21T20:26:57","date_gmt":"2012-09-21T20:26:57","guid":{"rendered":"http:\/\/quantumcinema.uni-ak.ac.at\/site\/"},"modified":"2018-10-29T07:35:59","modified_gmt":"2018-10-29T07:35:59","slug":"qc_lecture-polyphonie","status":"publish","type":"page","link":"https:\/\/quantumcinema.uni-ak.ac.at\/?page_id=845","title":{"rendered":"QC_Lectures"},"content":{"rendered":"<h3>\u00dcber Polyphonie: Musikalische Strukturen als universelle Denkform<\/h3>\n<p>Lecture Performance von Hannes Krisper<br \/>\nJune 19, 2012<br \/>\nUniversity of Applied Arts Vienna, Austria<br \/>\nWas k\u00f6nnen wir beim H\u00f6ren von polyphoner Musik \u00fcber den k\u00fcnstlerischen Versuch, einen h\u00f6her-dimensionalen Zugang zum menschlichen Wahrnehmungsbereich zu erschlie\u00dfen, erfahren?<br \/>\n&#8211; Beim H\u00f6ren mehrstimmiger Musik \u00e4ndert sich die Wahrnehmung von Raum und Zeit.<br \/>\nDie Gleich-G\u00fcltigkeit jeder einzelnen Stimme erm\u00f6glicht ein h\u00f6heres Ma\u00df an Beweglichkeit und Vielfalt.<br \/>\nDer freie vokale Fluss wirkt beinahe improvisiert und l\u00e4sst das dahinterstehende zahlensymbolische Regelwerk kaum erahnen.<br \/>\nH\u00f6rend erschlie\u00dft sich der einzigartige Kosmos, der weit \u00fcber die Grenzen der Musik hinausreicht. (Hannes Krisper)<br \/>\n<div id=\"attachment_846\" style=\"width: 570px\" class=\"wp-caption alignleft\"><a href=\"https:\/\/testquantumcinema.uni-ak.ac.at\/wp-content\/uploads\/2012\/09\/krisper_quehenberger_kementschitz.jpg\"><img loading=\"lazy\" decoding=\"async\" aria-describedby=\"caption-attachment-846\" class=\"size-full wp-image-846 \" title=\"krisper_quehenberger_kementschitz\" src=\"https:\/\/testquantumcinema.uni-ak.ac.at\/wp-content\/uploads\/2012\/09\/krisper_quehenberger_kementschitz.jpg\" alt=\"\" width=\"560\" height=\"553\" srcset=\"https:\/\/quantumcinema.uni-ak.ac.at\/wp-content\/uploads\/2012\/09\/krisper_quehenberger_kementschitz.jpg 560w, https:\/\/quantumcinema.uni-ak.ac.at\/wp-content\/uploads\/2012\/09\/krisper_quehenberger_kementschitz-300x296.jpg 300w, https:\/\/quantumcinema.uni-ak.ac.at\/wp-content\/uploads\/2012\/09\/krisper_quehenberger_kementschitz-100x100.jpg 100w\" sizes=\"auto, (max-width: 560px) 100vw, 560px\" \/><\/a><p id=\"caption-attachment-846\" class=\"wp-caption-text\">Hannes Krisper, Renate Quehenberger, Ren\u00e9 Kementschitz<\/p><\/div><br \/>\nHANNES KRISPER, geboren 1967 in Steyr.<br \/>\nTongelehrter, Besch\u00e4ftigung mit Sprache, alter Musik, Orgeln, Architektur, Georg Christoph Liechtenberg u.v.m.<br \/>\n2006: Infusionsideechen, eine Liechtenberg-Performance<br \/>\n2009: Die Spree flie\u00dft in die Steyr. \u00dcber den kulturellen Untergrund in der DDR der 80er Jahre.<br \/>\n2010: Ausstellung 40 Jahre Ennsleiten Kirche Steyr.<br \/>\nDJ Kontrapunkt-Hannes an vielen Orten und Zeiten.<\/p>\n","protected":false},"excerpt":{"rendered":"<p>\u00dcber Polyphonie: Musikalische Strukturen als universelle Denkform Lecture Performance von Hannes Krisper June 19, 2012 University of Applied Arts Vienna,&hellip; <a class=\"read-more\" href=\"https:\/\/quantumcinema.uni-ak.ac.at\/?page_id=845\">Weiterlesen<\/a><\/p>\n","protected":false},"author":1,"featured_media":0,"parent":701,"menu_order":22,"comment_status":"closed","ping_status":"closed","template":"","meta":{"footnotes":""},"class_list":["post-845","page","type-page","status-publish","hentry"],"_links":{"self":[{"href":"https:\/\/quantumcinema.uni-ak.ac.at\/index.php?rest_route=\/wp\/v2\/pages\/845","targetHints":{"allow":["GET"]}}],"collection":[{"href":"https:\/\/quantumcinema.uni-ak.ac.at\/index.php?rest_route=\/wp\/v2\/pages"}],"about":[{"href":"https:\/\/quantumcinema.uni-ak.ac.at\/index.php?rest_route=\/wp\/v2\/types\/page"}],"author":[{"embeddable":true,"href":"https:\/\/quantumcinema.uni-ak.ac.at\/index.php?rest_route=\/wp\/v2\/users\/1"}],"replies":[{"embeddable":true,"href":"https:\/\/quantumcinema.uni-ak.ac.at\/index.php?rest_route=%2Fwp%2Fv2%2Fcomments&post=845"}],"version-history":[{"count":1,"href":"https:\/\/quantumcinema.uni-ak.ac.at\/index.php?rest_route=\/wp\/v2\/pages\/845\/revisions"}],"predecessor-version":[{"id":1351,"href":"https:\/\/quantumcinema.uni-ak.ac.at\/index.php?rest_route=\/wp\/v2\/pages\/845\/revisions\/1351"}],"up":[{"embeddable":true,"href":"https:\/\/quantumcinema.uni-ak.ac.at\/index.php?rest_route=\/wp\/v2\/pages\/701"}],"wp:attachment":[{"href":"https:\/\/quantumcinema.uni-ak.ac.at\/index.php?rest_route=%2Fwp%2Fv2%2Fmedia&parent=845"}],"curies":[{"name":"wp","href":"https:\/\/api.w.org\/{rel}","templated":true}]}}